{"id":9,"date":"2020-11-10T08:28:04","date_gmt":"2020-11-10T08:28:04","guid":{"rendered":"https:\/\/www.steinbruch-barth.de\/?page_id=9"},"modified":"2024-02-13T14:38:55","modified_gmt":"2024-02-13T14:38:55","slug":"startseite-2","status":"publish","type":"page","link":"https:\/\/www.steinbruch-barth.de\/","title":{"rendered":"Startseite"},"content":{"rendered":"\n<p>Wir haben alles was Sie brauchen, was wir nicht haben brauchen Sie nicht.<\/p>\n\n\n\n<p>\u00d6ffnungszeiten nach Vereinbarung unter <a href=\"tel:00491607119911\">0160-7119911<\/a><\/p>\n\n\n\n<p>Das Hauptaugenmerk der Firma Steinbruch K.M. Barth liegt in der Herstellung und dem Verkauf von gesiebtem Sand, Kabelsand, Schmiersand sowie der Annahme von Bauschutt.<br><\/p>\n\n\n\n<figure class=\"wp-block-image size-large\"><img loading=\"lazy\" decoding=\"async\" width=\"700\" height=\"523\" src=\"https:\/\/www.steinbruch-barth.de\/wp-content\/uploads\/2020\/11\/startseite.jpg\" alt=\"\" class=\"wp-image-21\" srcset=\"https:\/\/www.steinbruch-barth.de\/wp-content\/uploads\/2020\/11\/startseite.jpg 700w, https:\/\/www.steinbruch-barth.de\/wp-content\/uploads\/2020\/11\/startseite-300x224.jpg 300w\" sizes=\"auto, (max-width: 700px) 100vw, 700px\" \/><\/figure>\n\n\n\n<p>Wir arbeiten nach dem neuen Kreislaufwirtschaftsgesetz, das hei\u00dft wir verkippen keine Erde sondern arbeiten sie auf.<\/p>\n\n\n\n<p>Der Steinbruch Weisser Stein liegt auf der Anh\u00f6he zwischen Wehrda und Go\u00dffelden,<br>in der N\u00e4he von Marburg, und ist von allen Seiten gut erreichbar.<\/p>\n","protected":false},"excerpt":{"rendered":"<p>Wir haben alles was Sie brauchen, was wir nicht haben brauchen Sie nicht. \u00d6ffnungszeiten nach Vereinbarung unter 0160-7119911 Das Hauptaugenmerk der Firma Steinbruch K.M. Barth liegt in der Herstellung und dem Verkauf von gesiebtem Sand, Kabelsand, Schmiersand sowie der Annahme von Bauschutt. Wir arbeiten nach dem neuen Kreislaufwirtschaftsgesetz, das hei\u00dft wir verkippen keine Erde sondern &hellip; <\/p>\n<p class=\"link-more\"><a href=\"https:\/\/www.steinbruch-barth.de\/\" class=\"more-link\"><span class=\"screen-reader-text\">\u201eStartseite\u201c <\/span>weiterlesen<\/a><\/p>\n","protected":false},"author":1,"featured_media":0,"parent":0,"menu_order":0,"comment_status":"closed","ping_status":"closed","template":"","meta":{"footnotes":""},"class_list":["post-9","page","type-page","status-publish","hentry"],"_links":{"self":[{"href":"https:\/\/www.steinbruch-barth.de\/index.php\/wp-json\/wp\/v2\/pages\/9","targetHints":{"allow":["GET"]}}],"collection":[{"href":"https:\/\/www.steinbruch-barth.de\/index.php\/wp-json\/wp\/v2\/pages"}],"about":[{"href":"https:\/\/www.steinbruch-barth.de\/index.php\/wp-json\/wp\/v2\/types\/page"}],"author":[{"embeddable":true,"href":"https:\/\/www.steinbruch-barth.de\/index.php\/wp-json\/wp\/v2\/users\/1"}],"replies":[{"embeddable":true,"href":"https:\/\/www.steinbruch-barth.de\/index.php\/wp-json\/wp\/v2\/comments?post=9"}],"version-history":[{"count":5,"href":"https:\/\/www.steinbruch-barth.de\/index.php\/wp-json\/wp\/v2\/pages\/9\/revisions"}],"predecessor-version":[{"id":78,"href":"https:\/\/www.steinbruch-barth.de\/index.php\/wp-json\/wp\/v2\/pages\/9\/revisions\/78"}],"wp:attachment":[{"href":"https:\/\/www.steinbruch-barth.de\/index.php\/wp-json\/wp\/v2\/media?parent=9"}],"curies":[{"name":"wp","href":"https:\/\/api.w.org\/{rel}","templated":true}]}}